{"id":9884,"date":"2024-08-13T08:40:33","date_gmt":"2024-08-13T13:40:33","guid":{"rendered":"https:\/\/cqbelleza.com\/?page_id=9884"},"modified":"2024-08-13T08:44:02","modified_gmt":"2024-08-13T13:44:02","slug":"trabaja-con-nosotros-2","status":"publish","type":"page","link":"https:\/\/cqbelleza.com\/en\/trabaja-con-nosotros-2\/","title":{"rendered":"Work with us"},"content":{"rendered":"<div data-elementor-type=\"wp-page\" data-elementor-id=\"9884\" class=\"elementor elementor-9884\">\n\t\t\t\t<div class=\"elementor-element elementor-element-146b81a e-flex e-con-boxed wpr-particle-no wpr-jarallax-no wpr-parallax-no wpr-sticky-section-no e-con e-parent\" data-id=\"146b81a\" data-element_type=\"container\" data-settings=\"{&quot;background_background&quot;:&quot;slideshow&quot;,&quot;background_slideshow_gallery&quot;:[{&quot;id&quot;:9211,&quot;url&quot;:&quot;https:\\\/\\\/cqbelleza.com\\\/wp-content\\\/uploads\\\/2024\\\/07\\\/Contacto.jpg&quot;}],&quot;background_slideshow_loop&quot;:&quot;yes&quot;,&quot;background_slideshow_slide_duration&quot;:5000,&quot;background_slideshow_slide_transition&quot;:&quot;fade&quot;,&quot;background_slideshow_transition_duration&quot;:500}\">\n\t\t\t\t\t<div class=\"e-con-inner\">\n\t\t\t\t<div class=\"elementor-element elementor-element-6da2846 elementor-widget elementor-widget-heading\" data-id=\"6da2846\" data-element_type=\"widget\" data-widget_type=\"heading.default\">\n\t\t\t\t<div class=\"elementor-widget-container\">\n\t\t\t<style>\/*! elementor - v3.22.0 - 26-06-2024 *\/\n.elementor-heading-title{padding:0;margin:0;line-height:1}.elementor-widget-heading .elementor-heading-title[class*=elementor-size-]>a{color:inherit;font-size:inherit;line-height:inherit}.elementor-widget-heading .elementor-heading-title.elementor-size-small{font-size:15px}.elementor-widget-heading .elementor-heading-title.elementor-size-medium{font-size:19px}.elementor-widget-heading .elementor-heading-title.elementor-size-large{font-size:29px}.elementor-widget-heading .elementor-heading-title.elementor-size-xl{font-size:39px}.elementor-widget-heading .elementor-heading-title.elementor-size-xxl{font-size:59px}<\/style><h2 class=\"elementor-heading-title elementor-size-default\">Contact<\/h2>\t\t<\/div>\n\t\t\t\t<\/div>\n\t\t\t\t\t<\/div>\n\t\t\t\t<\/div>\n\t\t<div class=\"elementor-element elementor-element-9dcd1cf e-flex e-con-boxed wpr-particle-no wpr-jarallax-no wpr-parallax-no wpr-sticky-section-no e-con e-parent\" data-id=\"9dcd1cf\" data-element_type=\"container\" data-settings=\"{&quot;background_background&quot;:&quot;classic&quot;}\">\n\t\t\t\t\t<div class=\"e-con-inner\">\n\t\t<div class=\"elementor-element elementor-element-4c56b70 e-con-full e-flex wpr-particle-no wpr-jarallax-no wpr-parallax-no wpr-sticky-section-no e-con e-child\" data-id=\"4c56b70\" data-element_type=\"container\">\n\t\t\t\t<div class=\"elementor-element elementor-element-6a7bf8f elementor-widget elementor-widget-heading\" data-id=\"6a7bf8f\" data-element_type=\"widget\" data-widget_type=\"heading.default\">\n\t\t\t\t<div class=\"elementor-widget-container\">\n\t\t\t<h2 class=\"elementor-heading-title elementor-size-default\">Your feedback drives our growth<\/h2>\t\t<\/div>\n\t\t\t\t<\/div>\n\t\t\t\t<div class=\"elementor-element elementor-element-17d71d0 elementor-widget elementor-widget-text-editor\" data-id=\"17d71d0\" data-element_type=\"widget\" data-widget_type=\"text-editor.default\">\n\t\t\t\t<div class=\"elementor-widget-container\">\n\t\t\t<style>\/*! elementor - v3.22.0 - 26-06-2024 *\/\n.elementor-widget-text-editor.elementor-drop-cap-view-stacked .elementor-drop-cap{background-color:#69727d;color:#fff}.elementor-widget-text-editor.elementor-drop-cap-view-framed .elementor-drop-cap{color:#69727d;border:3px solid;background-color:transparent}.elementor-widget-text-editor:not(.elementor-drop-cap-view-default) .elementor-drop-cap{margin-top:8px}.elementor-widget-text-editor:not(.elementor-drop-cap-view-default) .elementor-drop-cap-letter{width:1em;height:1em}.elementor-widget-text-editor .elementor-drop-cap{float:left;text-align:center;line-height:1;font-size:50px}.elementor-widget-text-editor .elementor-drop-cap-letter{display:inline-block}<\/style>\t\t\t\t<p><span style=\"font-weight: 400;\">Para obtener respuestas, por favor llena los siguientes datos, te estaremos contactando pr\u00f3ximamente \/ <\/span><i><span style=\"font-weight: 400;\">To get answers, please fill in the following information, we will be contacting you soon.<\/span><\/i><\/p>\t\t\t\t\t\t<\/div>\n\t\t\t\t<\/div>\n\t\t\t\t<\/div>\n\t\t\t\t<div class=\"elementor-element elementor-element-dcf205d elementor-widget__width-initial elementor-widget elementor-widget-spacer\" data-id=\"dcf205d\" data-element_type=\"widget\" data-widget_type=\"spacer.default\">\n\t\t\t\t<div class=\"elementor-widget-container\">\n\t\t\t<style>\/*! elementor - v3.22.0 - 26-06-2024 *\/\n.elementor-column .elementor-spacer-inner{height:var(--spacer-size)}.e-con{--container-widget-width:100%}.e-con-inner>.elementor-widget-spacer,.e-con>.elementor-widget-spacer{width:var(--container-widget-width,var(--spacer-size));--align-self:var(--container-widget-align-self,initial);--flex-shrink:0}.e-con-inner>.elementor-widget-spacer>.elementor-widget-container,.e-con>.elementor-widget-spacer>.elementor-widget-container{height:100%;width:100%}.e-con-inner>.elementor-widget-spacer>.elementor-widget-container>.elementor-spacer,.e-con>.elementor-widget-spacer>.elementor-widget-container>.elementor-spacer{height:100%}.e-con-inner>.elementor-widget-spacer>.elementor-widget-container>.elementor-spacer>.elementor-spacer-inner,.e-con>.elementor-widget-spacer>.elementor-widget-container>.elementor-spacer>.elementor-spacer-inner{height:var(--container-widget-height,var(--spacer-size))}.e-con-inner>.elementor-widget-spacer.elementor-widget-empty,.e-con>.elementor-widget-spacer.elementor-widget-empty{position:relative;min-height:22px;min-width:22px}.e-con-inner>.elementor-widget-spacer.elementor-widget-empty .elementor-widget-empty-icon,.e-con>.elementor-widget-spacer.elementor-widget-empty .elementor-widget-empty-icon{position:absolute;top:0;bottom:0;left:0;right:0;margin:auto;padding:0;width:22px;height:22px}<\/style>\t\t<div class=\"elementor-spacer\">\n\t\t\t<div class=\"elementor-spacer-inner\"><\/div>\n\t\t<\/div>\n\t\t\t\t<\/div>\n\t\t\t\t<\/div>\n\t\t\t\t<div class=\"elementor-element elementor-element-f0b2536 elementor-widget__width-inherit fluentform-widget-submit-button-custom elementor-widget elementor-widget-fluent-form-widget\" data-id=\"f0b2536\" data-element_type=\"widget\" data-widget_type=\"fluent-form-widget.default\">\n\t\t\t\t<div class=\"elementor-widget-container\">\n\t\t\t\n            <div class=\"fluentform-widget-wrapper fluentform-widget-align-default\">\n\n            \n            <div class='fluentform ff-default fluentform_wrapper_13 ffs_default_wrap'><form data-form_id=\"13\" id=\"fluentform_13\" class=\"frm-fluent-form fluent_form_13 ff-el-form-top ff_form_instance_13_1 ff-form-loading ffs_default\" data-form_instance=\"ff_form_instance_13_1\" method=\"POST\" action=\"\" ><fieldset  style=\"border: none!important;margin: 0!important;padding: 0!important;background-color: transparent!important;box-shadow: none!important;outline: none!important; min-inline-size: 100%;\">\n                    <legend class=\"ff_screen_reader_title\" style=\"display: block; margin: 0!important;padding: 0!important;height: 0!important;text-indent: -999999px;width: 0!important;overflow:hidden;\">Work with us<\/legend><p style=\"display: none !important;\" class=\"akismet-fields-container\" data-prefix=\"ak_\"><label>&#916;<textarea name=\"ak_hp_textarea\" cols=\"45\" rows=\"8\" maxlength=\"100\"><\/textarea><\/label><input type=\"hidden\" id=\"ak_js_1\" name=\"ak_js\" value=\"63\"\/><script>document.getElementById( \"ak_js_1\" ).setAttribute( \"value\", ( new Date() ).getTime() );<\/script><\/p><input type='hidden' name='__fluent_form_embded_post_id' value='9884' \/><input type=\"hidden\" id=\"_fluentform_13_fluentformnonce\" name=\"_fluentform_13_fluentformnonce\" value=\"a062bef3a7\" \/><input type=\"hidden\" name=\"_wp_http_referer\" value=\"\/en\/wp-json\/wp\/v2\/pages\/9884\" \/><div data-type=\"name-element\" data-name=\"Nombre\" class=\"ff-field_container ff-name-field-wrapper\" ><div class='ff-t-container'><div class='ff-t-cell'><div class='ff-el-group ff-el-form-top'><div class=\"ff-el-input--label ff-el-is-required asterisk-right\"><label for='ff_13_Nombre_first_name_' aria-label=\"Name\">Name<\/label><\/div><div class='ff-el-input--content'><input type=\"text\" name=\"Nombre[first_name]\" id=\"ff_13_Nombre_first_name_\" class=\"ff-el-form-control\" aria-invalid=\"false\" aria-required=\"true\"><\/div><\/div><\/div><\/div><\/div><div class='ff-el-group'><div class=\"ff-el-input--label ff-el-is-required asterisk-right\"><label for='ff_13_email' aria-label=\"Email\">Email<\/label><\/div><div class='ff-el-input--content'><input type=\"email\" name=\"email\" id=\"ff_13_email\" class=\"ff-el-form-control\" data-name=\"email\"  aria-invalid=\"false\" aria-required=\"true\"><\/div><\/div><div class='ff-el-group'><div class=\"ff-el-input--label asterisk-right\"><label for='ff_13_Telefono' aria-label=\"Tel\u00e9fono\">Tel\u00e9fono<\/label><\/div><div class='ff-el-input--content'><input type=\"text\" name=\"Telefono\" id=\"ff_13_Telefono\" class=\"ff-el-form-control  ff_numeric\" data-name=\"Telefono\" inputmode=\"numeric\" step=\"any\" data-formatter=\"{&quot;decimal&quot;:&quot;.&quot;,&quot;separator&quot;:&quot;,&quot;,&quot;precision&quot;:0,&quot;symbol&quot;:&quot;&quot;}\"  aria-invalid=\"false\" aria-required=\"false\"><\/div><\/div><div class='ff-el-group'><div class=\"ff-el-input--label ff-el-is-required asterisk-right\"><label for='ff_13_Nivel_Educativo' aria-label=\"Nivel Educativo\">Nivel Educativo<\/label><\/div><div class='ff-el-input--content'><select name=\"Nivel_Educativo\" id=\"ff_13_Nivel_Educativo\" class=\"ff-el-form-control\" data-name=\"Nivel_Educativo\" data-calc_value=\"0\"  aria-invalid=\"false\" aria-required=\"true\"><option value=\"\">- Selecciona -<\/option><option value=\"Postgrado\"  >Postgrado<\/option><option value=\"Pregrado\"  >Pregrado<\/option><option value=\"T\u00e9cnico\"  >T\u00e9cnico<\/option><option value=\"Bachiller\"  >Bachiller<\/option><option value=\"Otro\"  >Otro<\/option><\/select><\/div><\/div><div class='ff-el-group has-conditions'><div class=\"ff-el-input--label ff-el-is-required asterisk-right\"><label for='ff_13_Otro_cargo' aria-label=\"Especifique\">Especifique<\/label><\/div><div class='ff-el-input--content'><input type=\"text\" name=\"Otro_cargo\" class=\"ff-el-form-control\" data-name=\"Otro_cargo\" id=\"ff_13_Otro_cargo\"  aria-invalid=\"false\" aria-required=\"true\"><\/div><\/div><div class='ff-el-group'><div class=\"ff-el-input--label asterisk-right\"><label for='ff_13_dropdown_1' aria-label=\"\u00c1rea de interes\">\u00c1rea de interes<\/label><\/div><div class='ff-el-input--content'><select name=\"dropdown_1\" id=\"ff_13_dropdown_1\" class=\"ff-el-form-control\" data-name=\"dropdown_1\" data-calc_value=\"0\"  aria-invalid=\"false\" aria-required=\"false\"><option value=\"\">- Selecciona -<\/option><option value=\"Administrativa\"  >Administrativa<\/option><option value=\"Financiera\"  >Financiera<\/option><option value=\"M\u00e9dica\"  >M\u00e9dica<\/option><option value=\"Atenci\u00f3n al cliente\"  >Atenci\u00f3n al cliente<\/option><option value=\"Comercial\"  >Comercial<\/option><option value=\"Otro\"  >Otro<\/option><\/select><\/div><\/div><div class='ff-el-group has-conditions'><div class=\"ff-el-input--label ff-el-is-required asterisk-right\"><label for='ff_13_Otro_area' aria-label=\"Especifique\">Especifique<\/label><\/div><div class='ff-el-input--content'><input type=\"text\" name=\"Otro_area\" class=\"ff-el-form-control\" data-name=\"Otro_area\" id=\"ff_13_Otro_area\"  aria-invalid=\"false\" aria-required=\"true\"><\/div><\/div><div class='ff-el-group    ff-el-input--content'><div class='ff-el-form-check ff-el-tc'><label aria-label='terms &amp; conditions' class='ff-el-form-check-label ff_tc_label' for=\"terms-n-condition_c0da11b6e83761f2e7e5c9cf0870a85d\"><span class='ff_tc_checkbox'><input type=\"checkbox\" name=\"terms-n-condition\" class=\"ff-el-form-check-input\" data-name=\"terms-n-condition\" id=\"terms-n-condition_c0da11b6e83761f2e7e5c9cf0870a85d\"  value='on' aria-invalid='false' aria-required=\"true\"><\/span> <div class='ff_t_c'><p>I have read and agree to the <a href=\"https:\/\/cqbelleza.com\/en\/marco-legal\/\">Terms and Conditions and the Privacy Policy<\/a><\/p><\/div><\/label><\/div><\/div><div class='ff-el-group ff-text-left ff_submit_btn_wrapper'><button type=\"submit\" class=\"ff-btn ff-btn-submit ff-btn-md ff_btn_style\" >Send<\/button><\/div><\/fieldset><input type=\"hidden\" name=\"trp-form-language\" value=\"en\"\/><\/form><div id='fluentform_13_errors' class='ff-errors-in-stack ff_form_instance_13_1 ff-form-loading_errors ff_form_instance_13_1_errors'><\/div><\/div>        <script type=\"text\/javascript\">\n            window.fluent_form_ff_form_instance_13_1 = {\"id\":\"13\",\"settings\":{\"layout\":{\"labelPlacement\":\"top\",\"helpMessagePlacement\":\"with_label\",\"errorMessagePlacement\":\"inline\",\"cssClassName\":\"\",\"asteriskPlacement\":\"asterisk-right\"},\"restrictions\":{\"denyEmptySubmission\":{\"enabled\":false}}},\"form_instance\":\"ff_form_instance_13_1\",\"form_id_selector\":\"fluentform_13\",\"rules\":{\"Nombre[first_name]\":{\"required\":{\"value\":true,\"message\":\"Este campo es obligatorio.\",\"global_message\":\"Este campo es obligatorio.\",\"global\":true}},\"Nombre[middle_name]\":{\"required\":{\"value\":false,\"message\":\"Este campo es obligatorio.\",\"global_message\":\"Este campo es obligatorio.\",\"global\":true}},\"Nombre[last_name]\":{\"required\":{\"value\":false,\"message\":\"Este campo es obligatorio.\",\"global_message\":\"Este campo es obligatorio.\",\"global\":true}},\"email\":{\"required\":{\"value\":true,\"message\":\"Este campo es obligatorio.\",\"global_message\":\"Este campo es obligatorio.\",\"global\":true},\"email\":{\"value\":true,\"message\":\"Este campo debe contener un correo electr\\u00f3nico v\\u00e1lido.\",\"global_message\":\"Este campo debe contener un correo electr\\u00f3nico v\\u00e1lido.\",\"global\":true}},\"Telefono\":{\"required\":{\"value\":false,\"message\":\"Este campo es obligatorio.\",\"global_message\":\"Este campo es obligatorio.\",\"global\":true},\"numeric\":{\"value\":true,\"message\":\"Este campo debe contener un valor num\\u00e9rico.\",\"global_message\":\"Este campo debe contener un valor num\\u00e9rico.\",\"global\":true},\"min\":{\"value\":\"\",\"message\":\"Validation fails for minimum value\",\"global_message\":\"Validation fails for minimum value\",\"global\":true},\"max\":{\"value\":\"\",\"message\":\"Validation fails for maximum value\",\"global_message\":\"Validation fails for maximum value\",\"global\":true},\"digits\":{\"value\":\"\",\"message\":\"Validation fails for limited digits\",\"global_message\":\"Validation fails for limited digits\",\"global\":true}},\"Nivel_Educativo\":{\"required\":{\"value\":true,\"message\":\"Este campo es obligatorio.\",\"global_message\":\"Este campo es obligatorio.\",\"global\":true}},\"Otro_cargo\":{\"required\":{\"value\":true,\"message\":\"Este campo es obligatorio.\",\"global_message\":\"Este campo es obligatorio.\",\"global\":true}},\"dropdown_1\":{\"required\":{\"value\":false,\"message\":\"Este campo es obligatorio.\",\"global_message\":\"Este campo es obligatorio.\",\"global\":true}},\"Otro_area\":{\"required\":{\"value\":true,\"message\":\"Este campo es obligatorio.\",\"global_message\":\"Este campo es obligatorio.\",\"global\":true}},\"terms-n-condition\":{\"required\":{\"value\":true,\"message\":\"Este campo es obligatorio.\",\"global_message\":\"Este campo es obligatorio.\",\"global\":true}}},\"conditionals\":{\"Otro_cargo\":{\"type\":\"any\",\"status\":true,\"conditions\":[{\"field\":\"Nivel_Educativo\",\"value\":\"Otro\",\"operator\":\"=\"}]},\"Otro_area\":{\"type\":\"any\",\"status\":true,\"conditions\":[{\"field\":\"dropdown_1\",\"value\":\"Otro\",\"operator\":\"=\"}]}}};\n                    <\/script>\n                    <\/div>\n\n            \t\t<\/div>\n\t\t\t\t<\/div>\n\t\t\t\t\t<\/div>\n\t\t\t\t<\/div>\n\t\t\t\t<\/div>","protected":false},"excerpt":{"rendered":"<p>Contacto Tu opini\u00f3n impulsa nuestro crecimiento Para obtener respuestas, por favor llena los siguientes datos, te estaremos contactando pr\u00f3ximamente \/ To get answers, please fill in the following information, we will be contacting you soon. Trabaja con nosotros &#916; NombreEmailTel\u00e9fonoNivel Educativo&#8211; Selecciona &#8211;PostgradoPregradoT\u00e9cnicoBachillerOtroEspecifique\u00c1rea de interes&#8211; Selecciona &#8211;AdministrativaFinancieraM\u00e9dicaAtenci\u00f3n al clienteComercialOtroEspecifique T\u00e9rminos y condiciones Enviar<\/p>","protected":false},"author":1,"featured_media":0,"parent":0,"menu_order":0,"comment_status":"closed","ping_status":"closed","template":"elementor_header_footer","meta":{"footnotes":""},"class_list":["post-9884","page","type-page","status-publish","hentry"],"_links":{"self":[{"href":"https:\/\/cqbelleza.com\/en\/wp-json\/wp\/v2\/pages\/9884","targetHints":{"allow":["GET"]}}],"collection":[{"href":"https:\/\/cqbelleza.com\/en\/wp-json\/wp\/v2\/pages"}],"about":[{"href":"https:\/\/cqbelleza.com\/en\/wp-json\/wp\/v2\/types\/page"}],"author":[{"embeddable":true,"href":"https:\/\/cqbelleza.com\/en\/wp-json\/wp\/v2\/users\/1"}],"replies":[{"embeddable":true,"href":"https:\/\/cqbelleza.com\/en\/wp-json\/wp\/v2\/comments?post=9884"}],"version-history":[{"count":7,"href":"https:\/\/cqbelleza.com\/en\/wp-json\/wp\/v2\/pages\/9884\/revisions"}],"predecessor-version":[{"id":9891,"href":"https:\/\/cqbelleza.com\/en\/wp-json\/wp\/v2\/pages\/9884\/revisions\/9891"}],"wp:attachment":[{"href":"https:\/\/cqbelleza.com\/en\/wp-json\/wp\/v2\/media?parent=9884"}],"curies":[{"name":"wp","href":"https:\/\/api.w.org\/{rel}","templated":true}]}}