{"id":9584,"date":"2024-07-08T09:33:25","date_gmt":"2024-07-08T14:33:25","guid":{"rendered":"https:\/\/nuevo.cqbelleza.com\/?page_id=9584"},"modified":"2026-02-26T09:06:11","modified_gmt":"2026-02-26T14:06:11","slug":"tertulia-academica","status":"publish","type":"page","link":"https:\/\/cqbelleza.com\/en\/inicio\/tertulia-academica\/","title":{"rendered":"Round Academic"},"content":{"rendered":"<div data-elementor-type=\"wp-page\" data-elementor-id=\"9584\" class=\"elementor elementor-9584\">\n\t\t\t\t<div class=\"elementor-element elementor-element-608948f e-flex e-con-boxed wpr-particle-no wpr-jarallax-no wpr-parallax-no wpr-sticky-section-no e-con e-parent\" data-id=\"608948f\" data-element_type=\"container\" data-settings=\"{&quot;background_background&quot;:&quot;slideshow&quot;,&quot;background_slideshow_gallery&quot;:[{&quot;id&quot;:9213,&quot;url&quot;:&quot;https:\\\/\\\/cqbelleza.com\\\/wp-content\\\/uploads\\\/2024\\\/07\\\/Hablando.jpg&quot;}],&quot;background_slideshow_loop&quot;:&quot;yes&quot;,&quot;background_slideshow_slide_duration&quot;:5000,&quot;background_slideshow_slide_transition&quot;:&quot;fade&quot;,&quot;background_slideshow_transition_duration&quot;:500}\">\n\t\t\t\t\t<div class=\"e-con-inner\">\n\t\t\t\t<div class=\"elementor-element elementor-element-1de3ce4 elementor-widget elementor-widget-heading\" data-id=\"1de3ce4\" data-element_type=\"widget\" data-widget_type=\"heading.default\">\n\t\t\t\t<div class=\"elementor-widget-container\">\n\t\t\t<style>\/*! elementor - v3.22.0 - 26-06-2024 *\/\n.elementor-heading-title{padding:0;margin:0;line-height:1}.elementor-widget-heading .elementor-heading-title[class*=elementor-size-]>a{color:inherit;font-size:inherit;line-height:inherit}.elementor-widget-heading .elementor-heading-title.elementor-size-small{font-size:15px}.elementor-widget-heading .elementor-heading-title.elementor-size-medium{font-size:19px}.elementor-widget-heading .elementor-heading-title.elementor-size-large{font-size:29px}.elementor-widget-heading .elementor-heading-title.elementor-size-xl{font-size:39px}.elementor-widget-heading .elementor-heading-title.elementor-size-xxl{font-size:59px}<\/style><h2 class=\"elementor-heading-title elementor-size-default\">Round Academic<\/h2>\t\t<\/div>\n\t\t\t\t<\/div>\n\t\t\t\t\t<\/div>\n\t\t\t\t<\/div>\n\t\t<div class=\"elementor-element elementor-element-42cffa7 e-flex e-con-boxed wpr-particle-no wpr-jarallax-no wpr-parallax-no wpr-sticky-section-no e-con e-parent\" data-id=\"42cffa7\" data-element_type=\"container\">\n\t\t\t\t\t<div class=\"e-con-inner\">\n\t\t\t\t<div class=\"elementor-element elementor-element-4f63029 elementor-widget elementor-widget-spacer\" data-id=\"4f63029\" data-element_type=\"widget\" data-widget_type=\"spacer.default\">\n\t\t\t\t<div class=\"elementor-widget-container\">\n\t\t\t<style>\/*! elementor - v3.22.0 - 26-06-2024 *\/\n.elementor-column .elementor-spacer-inner{height:var(--spacer-size)}.e-con{--container-widget-width:100%}.e-con-inner>.elementor-widget-spacer,.e-con>.elementor-widget-spacer{width:var(--container-widget-width,var(--spacer-size));--align-self:var(--container-widget-align-self,initial);--flex-shrink:0}.e-con-inner>.elementor-widget-spacer>.elementor-widget-container,.e-con>.elementor-widget-spacer>.elementor-widget-container{height:100%;width:100%}.e-con-inner>.elementor-widget-spacer>.elementor-widget-container>.elementor-spacer,.e-con>.elementor-widget-spacer>.elementor-widget-container>.elementor-spacer{height:100%}.e-con-inner>.elementor-widget-spacer>.elementor-widget-container>.elementor-spacer>.elementor-spacer-inner,.e-con>.elementor-widget-spacer>.elementor-widget-container>.elementor-spacer>.elementor-spacer-inner{height:var(--container-widget-height,var(--spacer-size))}.e-con-inner>.elementor-widget-spacer.elementor-widget-empty,.e-con>.elementor-widget-spacer.elementor-widget-empty{position:relative;min-height:22px;min-width:22px}.e-con-inner>.elementor-widget-spacer.elementor-widget-empty .elementor-widget-empty-icon,.e-con>.elementor-widget-spacer.elementor-widget-empty .elementor-widget-empty-icon{position:absolute;top:0;bottom:0;left:0;right:0;margin:auto;padding:0;width:22px;height:22px}<\/style>\t\t<div class=\"elementor-spacer\">\n\t\t\t<div class=\"elementor-spacer-inner\"><\/div>\n\t\t<\/div>\n\t\t\t\t<\/div>\n\t\t\t\t<\/div>\n\t\t\t\t\t<\/div>\n\t\t\t\t<\/div>\n\t\t<div class=\"elementor-element elementor-element-aa29cce e-flex e-con-boxed wpr-particle-no wpr-jarallax-no wpr-parallax-no wpr-sticky-section-no e-con e-parent\" data-id=\"aa29cce\" data-element_type=\"container\">\n\t\t\t\t\t<div class=\"e-con-inner\">\n\t\t\t\t<div class=\"elementor-element elementor-element-629573a elementor-widget elementor-widget-text-editor\" data-id=\"629573a\" data-element_type=\"widget\" data-widget_type=\"text-editor.default\">\n\t\t\t\t<div class=\"elementor-widget-container\">\n\t\t\t<style>\/*! elementor - v3.22.0 - 26-06-2024 *\/\n.elementor-widget-text-editor.elementor-drop-cap-view-stacked .elementor-drop-cap{background-color:#69727d;color:#fff}.elementor-widget-text-editor.elementor-drop-cap-view-framed .elementor-drop-cap{color:#69727d;border:3px solid;background-color:transparent}.elementor-widget-text-editor:not(.elementor-drop-cap-view-default) .elementor-drop-cap{margin-top:8px}.elementor-widget-text-editor:not(.elementor-drop-cap-view-default) .elementor-drop-cap-letter{width:1em;height:1em}.elementor-widget-text-editor .elementor-drop-cap{float:left;text-align:center;line-height:1;font-size:50px}.elementor-widget-text-editor .elementor-drop-cap-letter{display:inline-block}<\/style>\t\t\t\t<p><span style=\"font-weight: 400;\">La Tertulia Acad\u00e9mica CQB, es un espacio para el aprendizaje y compartir de conocimientos sobre temas de innovaci\u00f3n y buenas pr\u00e1cticas en cirug\u00eda pl\u00e1stica.<\/span><\/p>\t\t\t\t\t\t<\/div>\n\t\t\t\t<\/div>\n\t\t\t\t\t<\/div>\n\t\t\t\t<\/div>\n\t\t<div data-pa-eq-height=\"{&quot;targetType&quot;:&quot;widget&quot;,&quot;target&quot;:[],&quot;trigger&quot;:&quot;load&quot;,&quot;enableOn&quot;:[&quot;desktop&quot;,&quot;tablet&quot;,&quot;mobile&quot;]}\" class=\"elementor-element elementor-element-44d16f1 premium-equal-height-yes e-flex e-con-boxed wpr-particle-no wpr-jarallax-no wpr-parallax-no wpr-sticky-section-no e-con e-parent\" data-id=\"44d16f1\" data-element_type=\"container\" data-settings=\"{&quot;premium_eq_height_switcher&quot;:&quot;yes&quot;,&quot;premium_eq_height_target&quot;:[]}\">\n\t\t\t\t\t<div class=\"e-con-inner\">\n\t\t<div class=\"elementor-element elementor-element-c15b958 e-flex e-con-boxed wpr-particle-no wpr-jarallax-no wpr-parallax-no wpr-sticky-section-no e-con e-child\" data-id=\"c15b958\" data-element_type=\"container\">\n\t\t\t\t\t<div class=\"e-con-inner\">\n\t\t\t\t<div class=\"elementor-element elementor-element-8bb28ab elementor-widget elementor-widget-image\" data-id=\"8bb28ab\" data-element_type=\"widget\" data-widget_type=\"image.default\">\n\t\t\t\t<div class=\"elementor-widget-container\">\n\t\t\t<style>\/*! elementor - v3.22.0 - 26-06-2024 *\/\n.elementor-widget-image{text-align:center}.elementor-widget-image a{display:inline-block}.elementor-widget-image a img[src$=\".svg\"]{width:48px}.elementor-widget-image img{vertical-align:middle;display:inline-block}<\/style>\t\t\t\t\t\t\t\t\t\t<img fetchpriority=\"high\" decoding=\"async\" width=\"800\" height=\"671\" src=\"https:\/\/cqbelleza.com\/wp-content\/uploads\/2024\/07\/INVITACION-TERTULIA-ACADEMICA-CQB-JUNIO-2024-1024x859.jpg\" class=\"attachment-large size-large wp-image-9721\" alt=\"\" srcset=\"https:\/\/cqbelleza.com\/wp-content\/uploads\/2024\/07\/INVITACION-TERTULIA-ACADEMICA-CQB-JUNIO-2024-1024x859.jpg 1024w, https:\/\/cqbelleza.com\/wp-content\/uploads\/2024\/07\/INVITACION-TERTULIA-ACADEMICA-CQB-JUNIO-2024-300x252.jpg 300w, https:\/\/cqbelleza.com\/wp-content\/uploads\/2024\/07\/INVITACION-TERTULIA-ACADEMICA-CQB-JUNIO-2024-768x644.jpg 768w, https:\/\/cqbelleza.com\/wp-content\/uploads\/2024\/07\/INVITACION-TERTULIA-ACADEMICA-CQB-JUNIO-2024.jpg 1287w\" sizes=\"(max-width: 800px) 100vw, 800px\" \/>\t\t\t\t\t\t\t\t\t\t\t\t\t<\/div>\n\t\t\t\t<\/div>\n\t\t\t\t<div class=\"elementor-element elementor-element-d7cb768 elementor-widget elementor-widget-heading\" data-id=\"d7cb768\" data-element_type=\"widget\" data-widget_type=\"heading.default\">\n\t\t\t\t<div class=\"elementor-widget-container\">\n\t\t\t<h2 class=\"elementor-heading-title elementor-size-default\">26 de Junio 2024<\/h2>\t\t<\/div>\n\t\t\t\t<\/div>\n\t\t\t\t<div class=\"elementor-element elementor-element-e437a30 elementor-align-center elementor-mobile-align-center elementor-widget elementor-widget-button\" data-id=\"e437a30\" data-element_type=\"widget\" data-widget_type=\"button.default\">\n\t\t\t\t<div class=\"elementor-widget-container\">\n\t\t\t\t\t<div class=\"elementor-button-wrapper\">\n\t\t\t<a class=\"elementor-button elementor-button-link elementor-size-sm\" href=\"https:\/\/cqbelleza.com\/en\/tertulia-academica-1\/\">\n\t\t\t\t\t\t<span class=\"elementor-button-content-wrapper\">\n\t\t\t\t\t\t\t\t\t<span class=\"elementor-button-text\">See<\/span>\n\t\t\t\t\t<\/span>\n\t\t\t\t\t<\/a>\n\t\t<\/div>\n\t\t\t\t<\/div>\n\t\t\t\t<\/div>\n\t\t\t\t\t<\/div>\n\t\t\t\t<\/div>\n\t\t<div class=\"elementor-element elementor-element-b4e12a7 e-flex e-con-boxed wpr-particle-no wpr-jarallax-no wpr-parallax-no wpr-sticky-section-no e-con e-child\" data-id=\"b4e12a7\" data-element_type=\"container\">\n\t\t\t\t\t<div class=\"e-con-inner\">\n\t\t<div class=\"elementor-element elementor-element-2e3c645 e-con-full e-flex wpr-particle-no wpr-jarallax-no wpr-parallax-no wpr-sticky-section-no e-con e-child\" data-id=\"2e3c645\" data-element_type=\"container\">\n\t\t\t\t<div class=\"elementor-element elementor-element-712b401 elementor-widget elementor-widget-image\" data-id=\"712b401\" data-element_type=\"widget\" data-widget_type=\"image.default\">\n\t\t\t\t<div class=\"elementor-widget-container\">\n\t\t\t\t\t\t\t\t\t\t\t\t\t<img decoding=\"async\" width=\"800\" height=\"671\" src=\"https:\/\/cqbelleza.com\/wp-content\/uploads\/2024\/08\/Tertulia-academica-24-de-julio-1024x859.jpeg\" class=\"attachment-large size-large wp-image-9859\" alt=\"\" srcset=\"https:\/\/cqbelleza.com\/wp-content\/uploads\/2024\/08\/Tertulia-academica-24-de-julio-1024x859.jpeg 1024w, https:\/\/cqbelleza.com\/wp-content\/uploads\/2024\/08\/Tertulia-academica-24-de-julio-300x252.jpeg 300w, https:\/\/cqbelleza.com\/wp-content\/uploads\/2024\/08\/Tertulia-academica-24-de-julio-768x644.jpeg 768w, https:\/\/cqbelleza.com\/wp-content\/uploads\/2024\/08\/Tertulia-academica-24-de-julio-14x12.jpeg 14w, https:\/\/cqbelleza.com\/wp-content\/uploads\/2024\/08\/Tertulia-academica-24-de-julio.jpeg 1287w\" sizes=\"(max-width: 800px) 100vw, 800px\" \/>\t\t\t\t\t\t\t\t\t\t\t\t\t<\/div>\n\t\t\t\t<\/div>\n\t\t\t\t<div class=\"elementor-element elementor-element-79d7904 elementor-widget elementor-widget-heading\" data-id=\"79d7904\" data-element_type=\"widget\" data-widget_type=\"heading.default\">\n\t\t\t\t<div class=\"elementor-widget-container\">\n\t\t\t<h2 class=\"elementor-heading-title elementor-size-default\">24 de Julio 2024<\/h2>\t\t<\/div>\n\t\t\t\t<\/div>\n\t\t\t\t<div class=\"elementor-element elementor-element-3a99466 elementor-align-center elementor-mobile-align-center elementor-widget elementor-widget-button\" data-id=\"3a99466\" data-element_type=\"widget\" data-widget_type=\"button.default\">\n\t\t\t\t<div class=\"elementor-widget-container\">\n\t\t\t\t\t<div class=\"elementor-button-wrapper\">\n\t\t\t<a class=\"elementor-button elementor-button-link elementor-size-sm\" href=\"https:\/\/cqbelleza.com\/en\/tertulia-academica-2\/\">\n\t\t\t\t\t\t<span class=\"elementor-button-content-wrapper\">\n\t\t\t\t\t\t\t\t\t<span class=\"elementor-button-text\">See<\/span>\n\t\t\t\t\t<\/span>\n\t\t\t\t\t<\/a>\n\t\t<\/div>\n\t\t\t\t<\/div>\n\t\t\t\t<\/div>\n\t\t\t\t<\/div>\n\t\t\t\t\t<\/div>\n\t\t\t\t<\/div>\n\t\t<div class=\"elementor-element elementor-element-eb12c1d e-flex e-con-boxed wpr-particle-no wpr-jarallax-no wpr-parallax-no wpr-sticky-section-no e-con e-child\" data-id=\"eb12c1d\" data-element_type=\"container\">\n\t\t\t\t\t<div class=\"e-con-inner\">\n\t\t<div class=\"elementor-element elementor-element-0a80bd3 e-con-full e-flex wpr-particle-no wpr-jarallax-no wpr-parallax-no wpr-sticky-section-no e-con e-child\" data-id=\"0a80bd3\" data-element_type=\"container\">\n\t\t\t\t<div class=\"elementor-element elementor-element-a16b913 elementor-widget elementor-widget-image\" data-id=\"a16b913\" data-element_type=\"widget\" data-widget_type=\"image.default\">\n\t\t\t\t<div class=\"elementor-widget-container\">\n\t\t\t\t\t\t\t\t\t\t\t\t\t<img decoding=\"async\" width=\"800\" height=\"673\" src=\"https:\/\/cqbelleza.com\/wp-content\/uploads\/2025\/07\/Tertulia-academica-cqb-junio-2025-1024x861.jpg\" class=\"attachment-large size-large wp-image-10165\" alt=\"\" srcset=\"https:\/\/cqbelleza.com\/wp-content\/uploads\/2025\/07\/Tertulia-academica-cqb-junio-2025-1024x861.jpg 1024w, https:\/\/cqbelleza.com\/wp-content\/uploads\/2025\/07\/Tertulia-academica-cqb-junio-2025-300x252.jpg 300w, https:\/\/cqbelleza.com\/wp-content\/uploads\/2025\/07\/Tertulia-academica-cqb-junio-2025-768x646.jpg 768w, https:\/\/cqbelleza.com\/wp-content\/uploads\/2025\/07\/Tertulia-academica-cqb-junio-2025-14x12.jpg 14w, https:\/\/cqbelleza.com\/wp-content\/uploads\/2025\/07\/Tertulia-academica-cqb-junio-2025.jpg 1284w\" sizes=\"(max-width: 800px) 100vw, 800px\" \/>\t\t\t\t\t\t\t\t\t\t\t\t\t<\/div>\n\t\t\t\t<\/div>\n\t\t\t\t<div class=\"elementor-element elementor-element-0126355 elementor-widget elementor-widget-heading\" data-id=\"0126355\" data-element_type=\"widget\" data-widget_type=\"heading.default\">\n\t\t\t\t<div class=\"elementor-widget-container\">\n\t\t\t<h2 class=\"elementor-heading-title elementor-size-default\">25 de Junio 2025.<\/h2>\t\t<\/div>\n\t\t\t\t<\/div>\n\t\t\t\t<div class=\"elementor-element elementor-element-6228a78 elementor-align-center elementor-mobile-align-center elementor-widget elementor-widget-button\" data-id=\"6228a78\" data-element_type=\"widget\" data-widget_type=\"button.default\">\n\t\t\t\t<div class=\"elementor-widget-container\">\n\t\t\t\t\t<div class=\"elementor-button-wrapper\">\n\t\t\t<a class=\"elementor-button elementor-button-link elementor-size-sm\" href=\"https:\/\/cqbelleza.com\/en\/tertulia-academica-2\/\">\n\t\t\t\t\t\t<span class=\"elementor-button-content-wrapper\">\n\t\t\t\t\t\t\t\t\t<span class=\"elementor-button-text\">See<\/span>\n\t\t\t\t\t<\/span>\n\t\t\t\t\t<\/a>\n\t\t<\/div>\n\t\t\t\t<\/div>\n\t\t\t\t<\/div>\n\t\t\t\t<\/div>\n\t\t\t\t\t<\/div>\n\t\t\t\t<\/div>\n\t\t<div class=\"elementor-element elementor-element-9d9e19a e-flex e-con-boxed wpr-particle-no wpr-jarallax-no wpr-parallax-no wpr-sticky-section-no e-con e-child\" data-id=\"9d9e19a\" data-element_type=\"container\">\n\t\t\t\t\t<div class=\"e-con-inner\">\n\t\t<div class=\"elementor-element elementor-element-a01f346 e-con-full e-flex wpr-particle-no wpr-jarallax-no wpr-parallax-no wpr-sticky-section-no e-con e-child\" data-id=\"a01f346\" data-element_type=\"container\">\n\t\t\t\t<div class=\"elementor-element elementor-element-c723b2a elementor-widget elementor-widget-image\" data-id=\"c723b2a\" data-element_type=\"widget\" data-widget_type=\"image.default\">\n\t\t\t\t<div class=\"elementor-widget-container\">\n\t\t\t\t\t\t\t\t\t\t\t\t\t<img loading=\"lazy\" decoding=\"async\" width=\"800\" height=\"673\" src=\"https:\/\/cqbelleza.com\/wp-content\/uploads\/2026\/02\/2-1024x861.png\" class=\"attachment-large size-large wp-image-10260\" alt=\"\" srcset=\"https:\/\/cqbelleza.com\/wp-content\/uploads\/2026\/02\/2-1024x861.png 1024w, https:\/\/cqbelleza.com\/wp-content\/uploads\/2026\/02\/2-300x252.png 300w, https:\/\/cqbelleza.com\/wp-content\/uploads\/2026\/02\/2-768x646.png 768w, https:\/\/cqbelleza.com\/wp-content\/uploads\/2026\/02\/2-14x12.png 14w, https:\/\/cqbelleza.com\/wp-content\/uploads\/2026\/02\/2.png 1284w\" sizes=\"(max-width: 800px) 100vw, 800px\" \/>\t\t\t\t\t\t\t\t\t\t\t\t\t<\/div>\n\t\t\t\t<\/div>\n\t\t\t\t<div class=\"elementor-element elementor-element-abbc2f0 elementor-widget elementor-widget-heading\" data-id=\"abbc2f0\" data-element_type=\"widget\" data-widget_type=\"heading.default\">\n\t\t\t\t<div class=\"elementor-widget-container\">\n\t\t\t<h2 class=\"elementor-heading-title elementor-size-default\">30 de sept. 2025.<i><\/i><\/h2>\t\t<\/div>\n\t\t\t\t<\/div>\n\t\t\t\t<div class=\"elementor-element elementor-element-5cf70ab elementor-align-center elementor-mobile-align-center elementor-widget elementor-widget-button\" data-id=\"5cf70ab\" data-element_type=\"widget\" data-widget_type=\"button.default\">\n\t\t\t\t<div class=\"elementor-widget-container\">\n\t\t\t\t\t<div class=\"elementor-button-wrapper\">\n\t\t\t<a class=\"elementor-button elementor-button-link elementor-size-sm\" href=\"https:\/\/cqbelleza.com\/en\/tertulia-academica-2\/\">\n\t\t\t\t\t\t<span class=\"elementor-button-content-wrapper\">\n\t\t\t\t\t\t\t\t\t<span class=\"elementor-button-text\">See<\/span>\n\t\t\t\t\t<\/span>\n\t\t\t\t\t<\/a>\n\t\t<\/div>\n\t\t\t\t<\/div>\n\t\t\t\t<\/div>\n\t\t\t\t<\/div>\n\t\t\t\t\t<\/div>\n\t\t\t\t<\/div>\n\t\t\t\t\t<\/div>\n\t\t\t\t<\/div>\n\t\t<div class=\"elementor-element elementor-element-f165182 e-grid e-con-boxed wpr-particle-no wpr-jarallax-no wpr-parallax-no wpr-sticky-section-no e-con e-parent\" data-id=\"f165182\" data-element_type=\"container\">\n\t\t\t\t\t<div class=\"e-con-inner\">\n\t\t<div class=\"elementor-element elementor-element-b4d9c1b e-con-full e-flex wpr-particle-no wpr-jarallax-no wpr-parallax-no wpr-sticky-section-no e-con e-child\" data-id=\"b4d9c1b\" data-element_type=\"container\">\n\t\t\t\t<div class=\"elementor-element elementor-element-2741397 elementor-widget elementor-widget-image\" data-id=\"2741397\" data-element_type=\"widget\" data-widget_type=\"image.default\">\n\t\t\t\t<div class=\"elementor-widget-container\">\n\t\t\t\t\t\t\t\t\t\t\t\t\t<img loading=\"lazy\" decoding=\"async\" width=\"800\" height=\"673\" src=\"https:\/\/cqbelleza.com\/wp-content\/uploads\/2026\/02\/3-1024x861.png\" class=\"attachment-large size-large wp-image-10261\" alt=\"\" srcset=\"https:\/\/cqbelleza.com\/wp-content\/uploads\/2026\/02\/3-1024x861.png 1024w, https:\/\/cqbelleza.com\/wp-content\/uploads\/2026\/02\/3-300x252.png 300w, https:\/\/cqbelleza.com\/wp-content\/uploads\/2026\/02\/3-768x646.png 768w, https:\/\/cqbelleza.com\/wp-content\/uploads\/2026\/02\/3-14x12.png 14w, https:\/\/cqbelleza.com\/wp-content\/uploads\/2026\/02\/3.png 1284w\" sizes=\"(max-width: 800px) 100vw, 800px\" \/>\t\t\t\t\t\t\t\t\t\t\t\t\t<\/div>\n\t\t\t\t<\/div>\n\t\t\t\t<div class=\"elementor-element elementor-element-f837e61 elementor-widget elementor-widget-heading\" data-id=\"f837e61\" data-element_type=\"widget\" data-widget_type=\"heading.default\">\n\t\t\t\t<div class=\"elementor-widget-container\">\n\t\t\t<h2 class=\"elementor-heading-title elementor-size-default\">12 de nov. 2025.<i><\/i><\/h2>\t\t<\/div>\n\t\t\t\t<\/div>\n\t\t\t\t<div class=\"elementor-element elementor-element-f8e70b8 elementor-align-center elementor-mobile-align-center elementor-widget elementor-widget-button\" data-id=\"f8e70b8\" data-element_type=\"widget\" data-widget_type=\"button.default\">\n\t\t\t\t<div class=\"elementor-widget-container\">\n\t\t\t\t\t<div class=\"elementor-button-wrapper\">\n\t\t\t<a class=\"elementor-button elementor-button-link elementor-size-sm\" href=\"https:\/\/cqbelleza.com\/en\/tertulia-academica-2\/\">\n\t\t\t\t\t\t<span class=\"elementor-button-content-wrapper\">\n\t\t\t\t\t\t\t\t\t<span class=\"elementor-button-text\">See<\/span>\n\t\t\t\t\t<\/span>\n\t\t\t\t\t<\/a>\n\t\t<\/div>\n\t\t\t\t<\/div>\n\t\t\t\t<\/div>\n\t\t\t\t<\/div>\n\t\t<div class=\"elementor-element elementor-element-14d05af e-con-full e-flex wpr-particle-no wpr-jarallax-no wpr-parallax-no wpr-sticky-section-no e-con e-child\" data-id=\"14d05af\" data-element_type=\"container\">\n\t\t\t\t<div class=\"elementor-element elementor-element-c1d0d43 elementor-widget elementor-widget-image\" data-id=\"c1d0d43\" data-element_type=\"widget\" data-widget_type=\"image.default\">\n\t\t\t\t<div class=\"elementor-widget-container\">\n\t\t\t\t\t\t\t\t\t\t\t\t\t<img loading=\"lazy\" decoding=\"async\" width=\"800\" height=\"673\" src=\"https:\/\/cqbelleza.com\/wp-content\/uploads\/2026\/02\/Tertulia-academica-cqb-junio-2025-1024x861.png\" class=\"attachment-large size-large wp-image-10262\" alt=\"\" srcset=\"https:\/\/cqbelleza.com\/wp-content\/uploads\/2026\/02\/Tertulia-academica-cqb-junio-2025-1024x861.png 1024w, https:\/\/cqbelleza.com\/wp-content\/uploads\/2026\/02\/Tertulia-academica-cqb-junio-2025-300x252.png 300w, https:\/\/cqbelleza.com\/wp-content\/uploads\/2026\/02\/Tertulia-academica-cqb-junio-2025-768x646.png 768w, https:\/\/cqbelleza.com\/wp-content\/uploads\/2026\/02\/Tertulia-academica-cqb-junio-2025-14x12.png 14w, https:\/\/cqbelleza.com\/wp-content\/uploads\/2026\/02\/Tertulia-academica-cqb-junio-2025.png 1284w\" sizes=\"(max-width: 800px) 100vw, 800px\" \/>\t\t\t\t\t\t\t\t\t\t\t\t\t<\/div>\n\t\t\t\t<\/div>\n\t\t\t\t<div class=\"elementor-element elementor-element-1218db3 elementor-widget elementor-widget-heading\" data-id=\"1218db3\" data-element_type=\"widget\" data-widget_type=\"heading.default\">\n\t\t\t\t<div class=\"elementor-widget-container\">\n\t\t\t<h2 class=\"elementor-heading-title elementor-size-default\">26 de febrero. 2026.<i><\/i><\/h2>\t\t<\/div>\n\t\t\t\t<\/div>\n\t\t\t\t<div class=\"elementor-element elementor-element-ae39594 elementor-align-center elementor-mobile-align-center elementor-widget elementor-widget-button\" data-id=\"ae39594\" data-element_type=\"widget\" data-widget_type=\"button.default\">\n\t\t\t\t<div class=\"elementor-widget-container\">\n\t\t\t\t\t<div class=\"elementor-button-wrapper\">\n\t\t\t<a class=\"elementor-button elementor-button-link elementor-size-sm\" href=\"https:\/\/cqbelleza.com\/en\/tertulia-academica-2\/\">\n\t\t\t\t\t\t<span class=\"elementor-button-content-wrapper\">\n\t\t\t\t\t\t\t\t\t<span class=\"elementor-button-text\">See<\/span>\n\t\t\t\t\t<\/span>\n\t\t\t\t\t<\/a>\n\t\t<\/div>\n\t\t\t\t<\/div>\n\t\t\t\t<\/div>\n\t\t\t\t<\/div>\n\t\t\t\t\t<\/div>\n\t\t\t\t<\/div>\n\t\t\t\t<\/div>","protected":false},"excerpt":{"rendered":"<p>Tertulia Acad\u00e9mica La Tertulia Acad\u00e9mica CQB, es un espacio para el aprendizaje y compartir de conocimientos sobre temas de innovaci\u00f3n y buenas pr\u00e1cticas en cirug\u00eda pl\u00e1stica. 26 de Junio 2024 Ver 24 de Julio 2024 Ver 25 de Junio 2025. Ver 30 de sept. 2025. Ver 12 de nov. 2025. Ver 26 de febrero. 2026. Ver<\/p>","protected":false},"author":1,"featured_media":0,"parent":492,"menu_order":0,"comment_status":"closed","ping_status":"closed","template":"elementor_header_footer","meta":{"footnotes":""},"class_list":["post-9584","page","type-page","status-publish","hentry"],"_links":{"self":[{"href":"https:\/\/cqbelleza.com\/en\/wp-json\/wp\/v2\/pages\/9584","targetHints":{"allow":["GET"]}}],"collection":[{"href":"https:\/\/cqbelleza.com\/en\/wp-json\/wp\/v2\/pages"}],"about":[{"href":"https:\/\/cqbelleza.com\/en\/wp-json\/wp\/v2\/types\/page"}],"author":[{"embeddable":true,"href":"https:\/\/cqbelleza.com\/en\/wp-json\/wp\/v2\/users\/1"}],"replies":[{"embeddable":true,"href":"https:\/\/cqbelleza.com\/en\/wp-json\/wp\/v2\/comments?post=9584"}],"version-history":[{"count":34,"href":"https:\/\/cqbelleza.com\/en\/wp-json\/wp\/v2\/pages\/9584\/revisions"}],"predecessor-version":[{"id":10265,"href":"https:\/\/cqbelleza.com\/en\/wp-json\/wp\/v2\/pages\/9584\/revisions\/10265"}],"up":[{"embeddable":true,"href":"https:\/\/cqbelleza.com\/en\/wp-json\/wp\/v2\/pages\/492"}],"wp:attachment":[{"href":"https:\/\/cqbelleza.com\/en\/wp-json\/wp\/v2\/media?parent=9584"}],"curies":[{"name":"wp","href":"https:\/\/api.w.org\/{rel}","templated":true}]}}