{"id":9466,"date":"2024-07-05T15:13:29","date_gmt":"2024-07-05T20:13:29","guid":{"rendered":"https:\/\/nuevo.cqbelleza.com\/?page_id=9466"},"modified":"2024-07-10T08:46:59","modified_gmt":"2024-07-10T13:46:59","slug":"eventos","status":"publish","type":"page","link":"https:\/\/cqbelleza.com\/en\/inicio\/eventos\/","title":{"rendered":"Events"},"content":{"rendered":"<div data-elementor-type=\"wp-page\" data-elementor-id=\"9466\" class=\"elementor elementor-9466\">\n\t\t\t\t<div class=\"elementor-element elementor-element-419fb80 e-flex e-con-boxed wpr-particle-no wpr-jarallax-no wpr-parallax-no wpr-sticky-section-no e-con e-parent\" data-id=\"419fb80\" data-element_type=\"container\" data-settings=\"{&quot;background_background&quot;:&quot;slideshow&quot;,&quot;background_slideshow_gallery&quot;:[{&quot;id&quot;:9213,&quot;url&quot;:&quot;https:\\\/\\\/cqbelleza.com\\\/wp-content\\\/uploads\\\/2024\\\/07\\\/Hablando.jpg&quot;}],&quot;background_slideshow_loop&quot;:&quot;yes&quot;,&quot;background_slideshow_slide_duration&quot;:5000,&quot;background_slideshow_slide_transition&quot;:&quot;fade&quot;,&quot;background_slideshow_transition_duration&quot;:500}\">\n\t\t\t\t\t<div class=\"e-con-inner\">\n\t\t\t\t<div class=\"elementor-element elementor-element-df8722e elementor-widget elementor-widget-heading\" data-id=\"df8722e\" data-element_type=\"widget\" data-widget_type=\"heading.default\">\n\t\t\t\t<div class=\"elementor-widget-container\">\n\t\t\t<style>\/*! elementor - v3.22.0 - 26-06-2024 *\/\n.elementor-heading-title{padding:0;margin:0;line-height:1}.elementor-widget-heading .elementor-heading-title[class*=elementor-size-]>a{color:inherit;font-size:inherit;line-height:inherit}.elementor-widget-heading .elementor-heading-title.elementor-size-small{font-size:15px}.elementor-widget-heading .elementor-heading-title.elementor-size-medium{font-size:19px}.elementor-widget-heading .elementor-heading-title.elementor-size-large{font-size:29px}.elementor-widget-heading .elementor-heading-title.elementor-size-xl{font-size:39px}.elementor-widget-heading .elementor-heading-title.elementor-size-xxl{font-size:59px}<\/style><h2 class=\"elementor-heading-title elementor-size-default\">events<\/h2>\t\t<\/div>\n\t\t\t\t<\/div>\n\t\t\t\t\t<\/div>\n\t\t\t\t<\/div>\n\t\t<div class=\"elementor-element elementor-element-8412636 e-flex e-con-boxed wpr-particle-no wpr-jarallax-no wpr-parallax-no wpr-sticky-section-no e-con e-parent\" data-id=\"8412636\" data-element_type=\"container\">\n\t\t\t\t\t<div class=\"e-con-inner\">\n\t\t<div class=\"elementor-element elementor-element-1269060 e-flex e-con-boxed wpr-particle-no wpr-jarallax-no wpr-parallax-no wpr-sticky-section-no e-con e-child\" data-id=\"1269060\" data-element_type=\"container\">\n\t\t\t\t\t<div class=\"e-con-inner\">\n\t\t\t\t<div class=\"elementor-element elementor-element-d7125b2 elementor-hidden-desktop elementor-hidden-tablet elementor-hidden-mobile elementor-widget elementor-widget-eael-event-calendar\" data-id=\"d7125b2\" data-element_type=\"widget\" data-widget_type=\"eael-event-calendar.default\">\n\t\t\t\t<div class=\"elementor-widget-container\">\n\t\t\t<div class=\"eael-event-calendar-wrapper layout-calendar\"><div id=\"eael-event-calendar-d7125b2\" class=\"eael-event-calendar-cls\"\n            data-cal_id = \"d7125b2\"\n            data-locale = \"es\"\n            data-translate = \"{&quot;today&quot;:&quot;Today&quot;,&quot;tomorrow&quot;:&quot;Tomorrow&quot;}\"\n            data-defaultview = \"dayGridMonth\"\n            data-defaultdate = \"2026-04-05\"\n            data-time_format = \"\"\n            data-event_limit = \"3\"\n            data-popup_date_formate = \"MMM Do\"\n            data-multidays_event_day_count= \"0\"\n            data-monthcolumnheaderformat = \"\"\n            data-weekcolumnheaderformat = \"\"\n            data-hidedetailslink= \"\"\n            data-detailsbuttontext = \"Detalles del evento\"\n            data-events=\"[{&quot;id&quot;:0,&quot;title&quot;:&quot;CIRUG\\u00cdAS DE AFIRMACI\\u00d3N DE G\\u00c9NERO&quot;,&quot;description&quot;:&quot;&quot;,&quot;start&quot;:&quot;2024-07-05 12:00&quot;,&quot;end&quot;:&quot;2024-07-05 12:00:01&quot;,&quot;borderColor&quot;:&quot;#E8E6ED&quot;,&quot;textColor&quot;:&quot;#ffffff&quot;,&quot;color&quot;:&quot;var( --e-global-color-primary )&quot;,&quot;url&quot;:&quot;&quot;,&quot;allDay&quot;:&quot;&quot;,&quot;external&quot;:&quot;&quot;,&quot;nofollow&quot;:&quot;&quot;,&quot;is_redirect&quot;:&quot;&quot;,&quot;custom_attributes&quot;:[],&quot;event_link&quot;:{&quot;url&quot;:&quot;&quot;,&quot;is_external&quot;:&quot;&quot;,&quot;nofollow&quot;:&quot;&quot;,&quot;custom_attributes&quot;:&quot;&quot;}}]\"\n            data-first_day=\"1\"><\/div>\n            <div id=\"eaelecModal\" class=\"eaelec-modal eael-zoom-in\">\n            <div class=\"eael-ec-modal-bg\"><\/div>\n            <div class=\"eaelec-modal-content\">\n                <div class=\"eaelec-modal-header\">\n                    <div class=\"eaelec-modal-close\"><span><i class=\"fas fa-times\"><\/i><\/span><\/div>\n                    <h2 class=\"eael-ec-modal-title\"><\/h2>\n                    <span class=\"eaelec-event-date-start eaelec-event-popup-date\"><\/span>\n                    <span class=\"eaelec-event-date-end eaelec-event-popup-date\"><\/span>\n                <\/div>\n                <div class=\"eaelec-modal-body\">\n                    <p><\/p>\n                <\/div>\n                <div class=\"eaelec-modal-footer\">\n                    <a class=\"eaelec-event-details-link\">Event details<\/a>\n                <\/div>\n            <\/div>\n        <\/div><\/div>\t\t<\/div>\n\t\t\t\t<\/div>\n\t\t\t\t\t<\/div>\n\t\t\t\t<\/div>\n\t\t\t\t\t<\/div>\n\t\t\t\t<\/div>\n\t\t<div class=\"elementor-element elementor-element-3daac79 e-flex e-con-boxed wpr-particle-no wpr-jarallax-no wpr-parallax-no wpr-sticky-section-no e-con e-parent\" data-id=\"3daac79\" data-element_type=\"container\">\n\t\t\t\t\t<div class=\"e-con-inner\">\n\t\t\t\t<div class=\"elementor-element elementor-element-d744098 wpr-grid-columns-3 wpr-grid-columns--tablet2 wpr-grid-columns--mobile1 wpr-grid-pagination-center wpr-item-styles-inner elementor-widget elementor-widget-wpr-grid\" data-id=\"d744098\" data-element_type=\"widget\" data-widget_type=\"wpr-grid.default\">\n\t\t\t\t<div class=\"elementor-widget-container\">\n\t\t\t<ul class=\"wpr-grid-filters elementor-clearfix wpr-grid-filters-sep-right\"><li class=\"wpr-pointer-none wpr-pointer-line-fx wpr-pointer-fx-none\"><span data-filter=\"*\" class=\"wpr-active-filter\">All<\/span><em class=\"wpr-grid-filters-sep\"><\/em><\/li><li class=\"wpr-pointer-none wpr-pointer-line-fx wpr-pointer-fx-none\"><span  data-filter=\".category-eventos\">Events<\/span><em class=\"wpr-grid-filters-sep\"><\/em><\/li><\/ul><section class=\"wpr-grid elementor-clearfix\" data-settings=\"{&quot;layout&quot;:&quot;fitRows&quot;,&quot;stick_last_element_to_bottom&quot;:&quot;&quot;,&quot;columns_desktop&quot;:3,&quot;gutter_hr&quot;:25,&quot;gutter_hr_mobile&quot;:25,&quot;gutter_hr_mobile_extra&quot;:25,&quot;gutter_hr_tablet&quot;:25,&quot;gutter_hr_tablet_extra&quot;:25,&quot;gutter_hr_laptop&quot;:25,&quot;gutter_hr_widescreen&quot;:25,&quot;gutter_vr&quot;:20,&quot;gutter_vr_mobile&quot;:20,&quot;gutter_vr_mobile_extra&quot;:20,&quot;gutter_vr_tablet&quot;:20,&quot;gutter_vr_tablet_extra&quot;:20,&quot;gutter_vr_laptop&quot;:20,&quot;gutter_vr_widescreen&quot;:20,&quot;animation&quot;:&quot;zoom&quot;,&quot;animation_duration&quot;:0.299999999999999988897769753748434595763683319091796875,&quot;animation_delay&quot;:0.1000000000000000055511151231257827021181583404541015625,&quot;deeplinking&quot;:&quot;&quot;,&quot;filters_linkable&quot;:&quot;no&quot;,&quot;filters_default_filter&quot;:&quot;&quot;,&quot;filters_count&quot;:&quot;&quot;,&quot;filters_hide_empty&quot;:&quot;no&quot;,&quot;filters_animation&quot;:&quot;default&quot;,&quot;filters_animation_duration&quot;:0.299999999999999988897769753748434595763683319091796875,&quot;filters_animation_delay&quot;:0.1000000000000000055511151231257827021181583404541015625,&quot;pagination_type&quot;:&quot;load-more&quot;,&quot;pagination_max_pages&quot;:1,&quot;lightbox&quot;:{&quot;selector&quot;:&quot;.wpr-grid-image-wrap&quot;,&quot;iframeMaxWidth&quot;:&quot;60%&quot;,&quot;hash&quot;:false,&quot;autoplay&quot;:&quot;true&quot;,&quot;pause&quot;:5000,&quot;progressBar&quot;:&quot;true&quot;,&quot;counter&quot;:&quot;true&quot;,&quot;controls&quot;:&quot;true&quot;,&quot;getCaptionFromTitleOrAlt&quot;:&quot;true&quot;,&quot;thumbnail&quot;:&quot;&quot;,&quot;showThumbByDefault&quot;:&quot;&quot;,&quot;share&quot;:&quot;&quot;,&quot;zoom&quot;:&quot;true&quot;,&quot;fullScreen&quot;:&quot;true&quot;,&quot;download&quot;:&quot;true&quot;}}\"><article class=\"wpr-grid-item elementor-clearfix post-9473 post type-post status-publish format-standard has-post-thumbnail hentry category-eventos\"><div class=\"wpr-grid-item-inner\"><div class=\"wpr-grid-media-wrap wpr-effect-size-medium\" data-overlay-link=\"yes\"><div class=\"wpr-grid-image-wrap\" data-src=\"https:\/\/cqbelleza.com\/wp-content\/uploads\/2024\/06\/evento-INVITACION-A-LIVE-AFIRMACION-DE-GENERO.jpg\" data-img-on-hover=\"\"  data-src-secondary=\"\"><img decoding=\"async\" data-no-lazy=\"1\" src=\"https:\/\/cqbelleza.com\/wp-content\/uploads\/2024\/06\/evento-INVITACION-A-LIVE-AFIRMACION-DE-GENERO.jpg\" alt=\"CIRUG\u00cdAS DE AFIRMACI\u00d3N DE G\u00c9NERO\" class=\"wpr-anim-timing-ease-default\"><\/div><div class=\"wpr-grid-media-hover wpr-animation-wrap\"><div class=\"wpr-grid-media-hover-bg  wpr-overlay-fade-in wpr-anim-size-large wpr-anim-timing-ease-default wpr-anim-transparency\" data-url=\"https:\/\/cqbelleza.com\/en\/cirugias-de-afirmacion-de-genero\/\"><\/div><\/div><\/div><div class=\"wpr-grid-item-below-content elementor-clearfix\"><div class=\"wpr-grid-item-date elementor-repeater-item-dc3c71f wpr-grid-item-display-inline wpr-grid-item-align-left\"><div class=\"inner-block\"><span>27 June, 2024<span class=\"wpr-grid-extra-text-right\"><\/span><\/span><\/div><\/div><h2 class=\"wpr-grid-item-title elementor-repeater-item-57383e7 wpr-grid-item-display-block wpr-grid-item-align-left wpr-pointer-none wpr-pointer-line-fx wpr-pointer-fx-fade\"><div class=\"inner-block\"><a target=\"_self\" href=\"https:\/\/cqbelleza.com\/en\/cirugias-de-afirmacion-de-genero\/\">SURGERIES CLAIM OF GENDER<\/a><\/div><\/h2><div class=\"wpr-grid-item-category elementor-repeater-item-46b8219 wpr-grid-item-display-block wpr-grid-item-align-left wpr-pointer-none wpr-pointer-line-fx wpr-pointer-fx-fade wpr-grid-tax-style-2\"><div class=\"inner-block\"><a class=\"wpr-tax-id-14\" href=\"https:\/\/cqbelleza.com\/en\/category\/eventos\/\">Events<\/a><\/div><\/div><div class=\"wpr-grid-item-excerpt elementor-repeater-item-8578403 wpr-grid-item-display-block wpr-grid-item-align-left\"><div class=\"inner-block\"><p>Truths about the surgeries, genital affirmation of gender In this Instagram Live, the Dr. Christian Yepes, urologist and specialist...<\/p><\/div><\/div><div class=\"wpr-grid-item-read-more elementor-repeater-item-1a5967b wpr-grid-item-display-block wpr-grid-item-align-left\"><div class=\"inner-block\"><a target=\"_self\" href=\"https:\/\/cqbelleza.com\/en\/cirugias-de-afirmacion-de-genero\/\" class=\"wpr-button-effect wpr-button-none\"><span>Read more<\/span><\/a><\/div><\/div><\/div><\/div><\/article><\/section>\t\t<\/div>\n\t\t\t\t<\/div>\n\t\t\t\t\t<\/div>\n\t\t\t\t<\/div>\n\t\t<div class=\"elementor-element elementor-element-bad73dd e-con-full elementor-hidden-tablet elementor-hidden-mobile e-flex wpr-particle-no wpr-jarallax-no wpr-parallax-no wpr-sticky-section-no e-con e-parent\" data-id=\"bad73dd\" data-element_type=\"container\">\n\t\t\t\t<div class=\"elementor-element elementor-element-5a90a8c elementor-widget-mobile__width-inherit elementor-widget elementor-widget-image-carousel\" data-id=\"5a90a8c\" data-element_type=\"widget\" data-settings=\"{&quot;slides_to_show_mobile&quot;:&quot;1&quot;,&quot;slides_to_show&quot;:&quot;1&quot;,&quot;navigation&quot;:&quot;none&quot;,&quot;autoplay&quot;:&quot;yes&quot;,&quot;pause_on_hover&quot;:&quot;yes&quot;,&quot;pause_on_interaction&quot;:&quot;yes&quot;,&quot;autoplay_speed&quot;:5000,&quot;infinite&quot;:&quot;yes&quot;,&quot;effect&quot;:&quot;slide&quot;,&quot;speed&quot;:500}\" data-widget_type=\"image-carousel.default\">\n\t\t\t\t<div class=\"elementor-widget-container\">\n\t\t\t<style>\/*! elementor - v3.22.0 - 26-06-2024 *\/\n.elementor-widget-image-carousel .swiper,.elementor-widget-image-carousel .swiper-container{position:static}.elementor-widget-image-carousel .swiper-container .swiper-slide figure,.elementor-widget-image-carousel .swiper .swiper-slide figure{line-height:inherit}.elementor-widget-image-carousel .swiper-slide{text-align:center}.elementor-image-carousel-wrapper:not(.swiper-container-initialized):not(.swiper-initialized) .swiper-slide{max-width:calc(100% \/ var(--e-image-carousel-slides-to-show, 3))}<\/style>\t\t<div class=\"elementor-image-carousel-wrapper swiper\" dir=\"ltr\">\n\t\t\t<div class=\"elementor-image-carousel swiper-wrapper swiper-image-stretch\" aria-live=\"off\">\n\t\t\t\t\t\t\t\t<div class=\"swiper-slide\" role=\"group\" aria-roledescription=\"slide\" aria-label=\"1 of 1\"><a data-elementor-open-lightbox=\"yes\" data-elementor-lightbox-slideshow=\"5a90a8c\" data-elementor-lightbox-title=\"Valoracion\" data-e-action-hash=\"#elementor-action%3Aaction%3Dlightbox%26settings%3DeyJpZCI6ODkxOCwidXJsIjoiaHR0cHM6XC9cL2NxYmVsbGV6YS5jb21cL3dwLWNvbnRlbnRcL3VwbG9hZHNcLzIwMjRcLzA3XC9WYWxvcmFjaW9uLTEuanBnIiwic2xpZGVzaG93IjoiNWE5MGE4YyJ9\" href=\"https:\/\/cqbelleza.com\/en\/contacto\/\"><figure class=\"swiper-slide-inner\"><img decoding=\"async\" class=\"swiper-slide-image\" src=\"https:\/\/cqbelleza.com\/wp-content\/uploads\/2024\/07\/Valoracion-1.jpg\" alt=\"Valoracion\" \/><\/figure><\/a><\/div>\t\t\t<\/div>\n\t\t\t\t\t<\/div>\n\t\t\t\t<\/div>\n\t\t\t\t<\/div>\n\t\t\t\t<\/div>\n\t\t<div class=\"elementor-element elementor-element-9e92264 elementor-hidden-desktop e-flex e-con-boxed wpr-particle-no wpr-jarallax-no wpr-parallax-no wpr-sticky-section-no e-con e-parent\" data-id=\"9e92264\" data-element_type=\"container\">\n\t\t\t\t\t<div class=\"e-con-inner\">\n\t\t\t\t<div class=\"elementor-element elementor-element-cfeef56 elementor-widget-mobile__width-inherit elementor-widget elementor-widget-image-carousel\" data-id=\"cfeef56\" data-element_type=\"widget\" data-settings=\"{&quot;slides_to_show_mobile&quot;:&quot;1&quot;,&quot;slides_to_show&quot;:&quot;1&quot;,&quot;navigation&quot;:&quot;none&quot;,&quot;autoplay&quot;:&quot;yes&quot;,&quot;pause_on_hover&quot;:&quot;yes&quot;,&quot;pause_on_interaction&quot;:&quot;yes&quot;,&quot;autoplay_speed&quot;:5000,&quot;infinite&quot;:&quot;yes&quot;,&quot;effect&quot;:&quot;slide&quot;,&quot;speed&quot;:500}\" data-widget_type=\"image-carousel.default\">\n\t\t\t\t<div class=\"elementor-widget-container\">\n\t\t\t\t\t<div class=\"elementor-image-carousel-wrapper swiper\" dir=\"ltr\">\n\t\t\t<div class=\"elementor-image-carousel swiper-wrapper swiper-image-stretch\" aria-live=\"off\">\n\t\t\t\t\t\t\t\t<div class=\"swiper-slide\" role=\"group\" aria-roledescription=\"slide\" aria-label=\"1 of 1\"><figure class=\"swiper-slide-inner\"><img decoding=\"async\" class=\"swiper-slide-image\" src=\"https:\/\/cqbelleza.com\/wp-content\/uploads\/2024\/04\/unnamed.jpg\" alt=\"unnamed\" \/><\/figure><\/div>\t\t\t<\/div>\n\t\t\t\t\t<\/div>\n\t\t\t\t<\/div>\n\t\t\t\t<\/div>\n\t\t\t\t\t<\/div>\n\t\t\t\t<\/div>\n\t\t\t\t<\/div>","protected":false},"excerpt":{"rendered":"<p>eventos Detalles del evento Todos Eventos 27 junio, 2024 CIRUG\u00cdAS DE AFIRMACI\u00d3N DE G\u00c9NERO Eventos Verdades sobre las cirug\u00edas genitales de afirmaci\u00f3n de g\u00e9nero\u00a0 En este Instagram Live, el Dr. Christian Yepes, ur\u00f3logo y especialista&hellip; Leer m\u00e1s<\/p>","protected":false},"author":1,"featured_media":0,"parent":492,"menu_order":0,"comment_status":"closed","ping_status":"closed","template":"elementor_header_footer","meta":{"footnotes":""},"class_list":["post-9466","page","type-page","status-publish","hentry"],"_links":{"self":[{"href":"https:\/\/cqbelleza.com\/en\/wp-json\/wp\/v2\/pages\/9466","targetHints":{"allow":["GET"]}}],"collection":[{"href":"https:\/\/cqbelleza.com\/en\/wp-json\/wp\/v2\/pages"}],"about":[{"href":"https:\/\/cqbelleza.com\/en\/wp-json\/wp\/v2\/types\/page"}],"author":[{"embeddable":true,"href":"https:\/\/cqbelleza.com\/en\/wp-json\/wp\/v2\/users\/1"}],"replies":[{"embeddable":true,"href":"https:\/\/cqbelleza.com\/en\/wp-json\/wp\/v2\/comments?post=9466"}],"version-history":[{"count":26,"href":"https:\/\/cqbelleza.com\/en\/wp-json\/wp\/v2\/pages\/9466\/revisions"}],"predecessor-version":[{"id":9643,"href":"https:\/\/cqbelleza.com\/en\/wp-json\/wp\/v2\/pages\/9466\/revisions\/9643"}],"up":[{"embeddable":true,"href":"https:\/\/cqbelleza.com\/en\/wp-json\/wp\/v2\/pages\/492"}],"wp:attachment":[{"href":"https:\/\/cqbelleza.com\/en\/wp-json\/wp\/v2\/media?parent=9466"}],"curies":[{"name":"wp","href":"https:\/\/api.w.org\/{rel}","templated":true}]}}