{"id":4632,"date":"2024-05-27T11:11:49","date_gmt":"2024-05-27T16:11:49","guid":{"rendered":"https:\/\/eiso.com.co\/cqb\/?page_id=4632"},"modified":"2024-05-27T11:15:08","modified_gmt":"2024-05-27T16:15:08","slug":"hotel-cqb","status":"publish","type":"page","link":"https:\/\/cqbelleza.com\/en\/hotel-cqb\/","title":{"rendered":"Hotel CQB"},"content":{"rendered":"<div data-elementor-type=\"wp-page\" data-elementor-id=\"4632\" class=\"elementor elementor-4632\">\n\t\t\t\t<div class=\"elementor-element elementor-element-273dd183 e-flex e-con-boxed wpr-particle-no wpr-jarallax-no wpr-parallax-no wpr-sticky-section-no e-con e-parent\" data-id=\"273dd183\" data-element_type=\"container\" data-settings=\"{&quot;background_background&quot;:&quot;slideshow&quot;,&quot;background_slideshow_gallery&quot;:[{&quot;id&quot;:2397,&quot;url&quot;:&quot;https:\\\/\\\/cqbelleza.com\\\/wp-content\\\/uploads\\\/2024\\\/04\\\/Banner-Especialistas.jpg&quot;}],&quot;background_slideshow_loop&quot;:&quot;yes&quot;,&quot;background_slideshow_slide_duration&quot;:5000,&quot;background_slideshow_slide_transition&quot;:&quot;fade&quot;,&quot;background_slideshow_transition_duration&quot;:500}\">\n\t\t\t\t\t<div class=\"e-con-inner\">\n\t\t\t\t<div class=\"elementor-element elementor-element-41252dd0 elementor-widget elementor-widget-heading\" data-id=\"41252dd0\" data-element_type=\"widget\" data-widget_type=\"heading.default\">\n\t\t\t\t<div class=\"elementor-widget-container\">\n\t\t\t<style>\/*! elementor - v3.22.0 - 26-06-2024 *\/\n.elementor-heading-title{padding:0;margin:0;line-height:1}.elementor-widget-heading .elementor-heading-title[class*=elementor-size-]>a{color:inherit;font-size:inherit;line-height:inherit}.elementor-widget-heading .elementor-heading-title.elementor-size-small{font-size:15px}.elementor-widget-heading .elementor-heading-title.elementor-size-medium{font-size:19px}.elementor-widget-heading .elementor-heading-title.elementor-size-large{font-size:29px}.elementor-widget-heading .elementor-heading-title.elementor-size-xl{font-size:39px}.elementor-widget-heading .elementor-heading-title.elementor-size-xxl{font-size:59px}<\/style><h2 class=\"elementor-heading-title elementor-size-default\">Conoce el CQB Recovery Hotel \n<\/h2>\t\t<\/div>\n\t\t\t\t<\/div>\n\t\t\t\t\t<\/div>\n\t\t\t\t<\/div>\n\t\t<div class=\"elementor-element elementor-element-72d18389 e-flex e-con-boxed wpr-particle-no wpr-jarallax-no wpr-parallax-no wpr-sticky-section-no e-con e-parent\" data-id=\"72d18389\" data-element_type=\"container\">\n\t\t\t\t\t<div class=\"e-con-inner\">\n\t\t\t\t<div class=\"elementor-element elementor-element-4d6d4652 elementor-widget elementor-widget-spacer\" data-id=\"4d6d4652\" data-element_type=\"widget\" data-widget_type=\"spacer.default\">\n\t\t\t\t<div class=\"elementor-widget-container\">\n\t\t\t<style>\/*! elementor - v3.22.0 - 26-06-2024 *\/\n.elementor-column .elementor-spacer-inner{height:var(--spacer-size)}.e-con{--container-widget-width:100%}.e-con-inner>.elementor-widget-spacer,.e-con>.elementor-widget-spacer{width:var(--container-widget-width,var(--spacer-size));--align-self:var(--container-widget-align-self,initial);--flex-shrink:0}.e-con-inner>.elementor-widget-spacer>.elementor-widget-container,.e-con>.elementor-widget-spacer>.elementor-widget-container{height:100%;width:100%}.e-con-inner>.elementor-widget-spacer>.elementor-widget-container>.elementor-spacer,.e-con>.elementor-widget-spacer>.elementor-widget-container>.elementor-spacer{height:100%}.e-con-inner>.elementor-widget-spacer>.elementor-widget-container>.elementor-spacer>.elementor-spacer-inner,.e-con>.elementor-widget-spacer>.elementor-widget-container>.elementor-spacer>.elementor-spacer-inner{height:var(--container-widget-height,var(--spacer-size))}.e-con-inner>.elementor-widget-spacer.elementor-widget-empty,.e-con>.elementor-widget-spacer.elementor-widget-empty{position:relative;min-height:22px;min-width:22px}.e-con-inner>.elementor-widget-spacer.elementor-widget-empty .elementor-widget-empty-icon,.e-con>.elementor-widget-spacer.elementor-widget-empty .elementor-widget-empty-icon{position:absolute;top:0;bottom:0;left:0;right:0;margin:auto;padding:0;width:22px;height:22px}<\/style>\t\t<div class=\"elementor-spacer\">\n\t\t\t<div class=\"elementor-spacer-inner\"><\/div>\n\t\t<\/div>\n\t\t\t\t<\/div>\n\t\t\t\t<\/div>\n\t\t\t\t\t<\/div>\n\t\t\t\t<\/div>\n\t\t<div class=\"elementor-element elementor-element-6ce83eb e-flex e-con-boxed wpr-particle-no wpr-jarallax-no wpr-parallax-no wpr-sticky-section-no e-con e-parent\" data-id=\"6ce83eb\" data-element_type=\"container\">\n\t\t\t\t\t<div class=\"e-con-inner\">\n\t\t<div class=\"elementor-element elementor-element-d1728fc e-con-full e-flex wpr-particle-no wpr-jarallax-no wpr-parallax-no wpr-sticky-section-no e-con e-child\" data-id=\"d1728fc\" data-element_type=\"container\">\n\t\t\t\t<div class=\"elementor-element elementor-element-9850ca1 elementor-widget elementor-widget-text-editor\" data-id=\"9850ca1\" data-element_type=\"widget\" data-widget_type=\"text-editor.default\">\n\t\t\t\t<div class=\"elementor-widget-container\">\n\t\t\t<style>\/*! elementor - v3.22.0 - 26-06-2024 *\/\n.elementor-widget-text-editor.elementor-drop-cap-view-stacked .elementor-drop-cap{background-color:#69727d;color:#fff}.elementor-widget-text-editor.elementor-drop-cap-view-framed .elementor-drop-cap{color:#69727d;border:3px solid;background-color:transparent}.elementor-widget-text-editor:not(.elementor-drop-cap-view-default) .elementor-drop-cap{margin-top:8px}.elementor-widget-text-editor:not(.elementor-drop-cap-view-default) .elementor-drop-cap-letter{width:1em;height:1em}.elementor-widget-text-editor .elementor-drop-cap{float:left;text-align:center;line-height:1;font-size:50px}.elementor-widget-text-editor .elementor-drop-cap-letter{display:inline-block}<\/style>\t\t\t\t<p><span style=\"font-weight: 400;\">Es un hotel dise\u00f1ado para la recuperaci\u00f3n posquir\u00fargica, situado en el mismo edificio del Centro Quir\u00fargico de la Belleza. Cuenta con un equipo humano preparado y calificado, con valores arraigados y con toda la disposici\u00f3n para hacer de la recuperaci\u00f3n de nuestros pacientes,\u00a0 lo m\u00e1s c\u00f3moda y confortable posible.<\/span><\/p><p><span style=\"font-weight: 400;\">The services and facilities are designed to be the ideal thought for the recovery of plastic surgery and bariatric; it also has an additional benefit, because when you stay with us, the patient will be able to find all in one place. <\/span><\/p>\t\t\t\t\t\t<\/div>\n\t\t\t\t<\/div>\n\t\t\t\t<\/div>\n\t\t<div class=\"elementor-element elementor-element-cfaa5cf e-con-full e-flex wpr-particle-no wpr-jarallax-no wpr-parallax-no wpr-sticky-section-no e-con e-child\" data-id=\"cfaa5cf\" data-element_type=\"container\">\n\t\t\t\t<div class=\"elementor-element elementor-element-4d2492b elementor-widget elementor-widget-image\" data-id=\"4d2492b\" data-element_type=\"widget\" data-widget_type=\"image.default\">\n\t\t\t\t<div class=\"elementor-widget-container\">\n\t\t\t<style>\/*! elementor - v3.22.0 - 26-06-2024 *\/\n.elementor-widget-image{text-align:center}.elementor-widget-image a{display:inline-block}.elementor-widget-image a img[src$=\".svg\"]{width:48px}.elementor-widget-image img{vertical-align:middle;display:inline-block}<\/style>\t\t\t\t\t\t\t\t\t\t<img fetchpriority=\"high\" decoding=\"async\" width=\"768\" height=\"512\" src=\"https:\/\/cqbelleza.com\/wp-content\/uploads\/2024\/05\/habitacion-suite-3-768x512.jpg\" class=\"attachment-medium_large size-medium_large wp-image-3502\" alt=\"\" srcset=\"https:\/\/cqbelleza.com\/wp-content\/uploads\/2024\/05\/habitacion-suite-3-768x512.jpg 768w, https:\/\/cqbelleza.com\/wp-content\/uploads\/2024\/05\/habitacion-suite-3-300x200.jpg 300w, https:\/\/cqbelleza.com\/wp-content\/uploads\/2024\/05\/habitacion-suite-3-1024x683.jpg 1024w, https:\/\/cqbelleza.com\/wp-content\/uploads\/2024\/05\/habitacion-suite-3-1536x1024.jpg 1536w, https:\/\/cqbelleza.com\/wp-content\/uploads\/2024\/05\/habitacion-suite-3.jpg 1560w\" sizes=\"(max-width: 768px) 100vw, 768px\" \/>\t\t\t\t\t\t\t\t\t\t\t\t\t<\/div>\n\t\t\t\t<\/div>\n\t\t\t\t<\/div>\n\t\t\t\t\t<\/div>\n\t\t\t\t<\/div>\n\t\t<div class=\"elementor-element elementor-element-e7b2023 e-flex e-con-boxed wpr-particle-no wpr-jarallax-no wpr-parallax-no wpr-sticky-section-no e-con e-parent\" data-id=\"e7b2023\" data-element_type=\"container\" data-settings=\"{&quot;background_background&quot;:&quot;classic&quot;}\">\n\t\t\t\t\t<div class=\"e-con-inner\">\n\t\t\t\t<div class=\"elementor-element elementor-element-dcc6e42 elementor-widget elementor-widget-spacer\" data-id=\"dcc6e42\" data-element_type=\"widget\" data-widget_type=\"spacer.default\">\n\t\t\t\t<div class=\"elementor-widget-container\">\n\t\t\t\t\t<div class=\"elementor-spacer\">\n\t\t\t<div class=\"elementor-spacer-inner\"><\/div>\n\t\t<\/div>\n\t\t\t\t<\/div>\n\t\t\t\t<\/div>\n\t\t\t\t\t<\/div>\n\t\t\t\t<\/div>\n\t\t<div class=\"elementor-element elementor-element-f7dd4b3 e-flex e-con-boxed wpr-particle-no wpr-jarallax-no wpr-parallax-no wpr-sticky-section-no e-con e-parent\" data-id=\"f7dd4b3\" data-element_type=\"container\" data-settings=\"{&quot;background_background&quot;:&quot;classic&quot;}\">\n\t\t\t\t\t<div class=\"e-con-inner\">\n\t\t<div class=\"elementor-element elementor-element-92b0d61 e-con-full e-flex wpr-particle-no wpr-jarallax-no wpr-parallax-no wpr-sticky-section-no e-con e-child\" data-id=\"92b0d61\" data-element_type=\"container\">\n\t\t\t\t<\/div>\n\t\t<div class=\"elementor-element elementor-element-f2c0fdc e-con-full e-flex wpr-particle-no wpr-jarallax-no wpr-parallax-no wpr-sticky-section-no e-con e-child\" data-id=\"f2c0fdc\" data-element_type=\"container\">\n\t\t\t\t<\/div>\n\t\t\t\t\t<\/div>\n\t\t\t\t<\/div>\n\t\t<div class=\"elementor-element elementor-element-f05c4c1 e-flex e-con-boxed wpr-particle-no wpr-jarallax-no wpr-parallax-no wpr-sticky-section-no e-con e-parent\" data-id=\"f05c4c1\" data-element_type=\"container\" data-settings=\"{&quot;background_background&quot;:&quot;classic&quot;}\">\n\t\t\t\t\t<div class=\"e-con-inner\">\n\t\t\t\t<div class=\"elementor-element elementor-element-42c31e8 elementor-widget elementor-widget-spacer\" data-id=\"42c31e8\" data-element_type=\"widget\" data-widget_type=\"spacer.default\">\n\t\t\t\t<div class=\"elementor-widget-container\">\n\t\t\t\t\t<div class=\"elementor-spacer\">\n\t\t\t<div class=\"elementor-spacer-inner\"><\/div>\n\t\t<\/div>\n\t\t\t\t<\/div>\n\t\t\t\t<\/div>\n\t\t\t\t\t<\/div>\n\t\t\t\t<\/div>\n\t\t\t\t<\/div>","protected":false},"excerpt":{"rendered":"<p>Conoce el CQB Recovery Hotel Es un hotel dise\u00f1ado para la recuperaci\u00f3n posquir\u00fargica, situado en el mismo edificio del Centro Quir\u00fargico de la Belleza. Cuenta con un equipo humano preparado y calificado, con valores arraigados y con toda la disposici\u00f3n para hacer de la recuperaci\u00f3n de nuestros pacientes,\u00a0 lo m\u00e1s c\u00f3moda y confortable posible. Los servicios e instalaciones cuentan con un dise\u00f1o ideal pensado para la recuperaci\u00f3n de cirug\u00edas pl\u00e1sticas y bari\u00e1tricas; adem\u00e1s dispone de un beneficio adicional, pues al alojarse con nosotros, el paciente podr\u00e1 encontrar todo en un mismo lugar.<\/p>","protected":false},"author":1,"featured_media":0,"parent":0,"menu_order":0,"comment_status":"closed","ping_status":"closed","template":"","meta":{"footnotes":""},"class_list":["post-4632","page","type-page","status-publish","hentry"],"_links":{"self":[{"href":"https:\/\/cqbelleza.com\/en\/wp-json\/wp\/v2\/pages\/4632","targetHints":{"allow":["GET"]}}],"collection":[{"href":"https:\/\/cqbelleza.com\/en\/wp-json\/wp\/v2\/pages"}],"about":[{"href":"https:\/\/cqbelleza.com\/en\/wp-json\/wp\/v2\/types\/page"}],"author":[{"embeddable":true,"href":"https:\/\/cqbelleza.com\/en\/wp-json\/wp\/v2\/users\/1"}],"replies":[{"embeddable":true,"href":"https:\/\/cqbelleza.com\/en\/wp-json\/wp\/v2\/comments?post=4632"}],"version-history":[{"count":7,"href":"https:\/\/cqbelleza.com\/en\/wp-json\/wp\/v2\/pages\/4632\/revisions"}],"predecessor-version":[{"id":4639,"href":"https:\/\/cqbelleza.com\/en\/wp-json\/wp\/v2\/pages\/4632\/revisions\/4639"}],"wp:attachment":[{"href":"https:\/\/cqbelleza.com\/en\/wp-json\/wp\/v2\/media?parent=4632"}],"curies":[{"name":"wp","href":"https:\/\/api.w.org\/{rel}","templated":true}]}}